{"id":10265,"date":"2020-03-14T17:30:58","date_gmt":"2020-03-14T17:30:58","guid":{"rendered":"https:\/\/divertarte.com\/?post_type=product&#038;p=10265"},"modified":"2026-03-07T17:23:01","modified_gmt":"2026-03-07T17:23:01","slug":"frasco-pet-doseador-500-ml","status":"publish","type":"product","link":"https:\/\/divertarte.com\/index.php\/produto\/frasco-pet-doseador-500-ml\/","title":{"rendered":"Frasco PET Transparente 500 ml &#8211; 10 unidades"},"content":{"rendered":"<p>Frasco PET Transparente 500 ml &#8211; 10 unidades<\/p>\n<p>Frasco em PET pl\u00e1stico cristal de 500 ml, ideal para \u00e1lcool gel, covid. Al\u00e9m disso serve para champ\u00f4, gel de duche, sabonete liquido, cosm\u00e9tica usado em sal\u00e3o de beleza, para prendas de casamento<\/p>\n","protected":false},"excerpt":{"rendered":"<p>Grande Promo\u00e7\u00e3o: desconto de 50% no pre\u00e7o do frasco, segundo o stock existente.<\/p>\n<p><strong>Fornecido em Pcotes de 10 unidades<\/strong><\/p>\n<p>Frasco em PET pl\u00e1stico cristal de 500 ml, ideal para \u00e1lcool gel, covid. Al\u00e9m disso serve para champ\u00f4, gel de duche, sabonete liquido, cosm\u00e9tica usado em sal\u00e3o de beleza, para prendas de casamento<\/p>\n","protected":false},"featured_media":22038,"comment_status":"open","ping_status":"closed","template":"","meta":{"_exactmetrics_skip_tracking":false,"_exactmetrics_sitenote_active":false,"_exactmetrics_sitenote_note":"","_exactmetrics_sitenote_category":0},"product_brand":[],"product_cat":[1628],"product_tag":[738,589,462],"class_list":{"0":"post-10265","1":"product","2":"type-product","3":"status-publish","4":"has-post-thumbnail","6":"product_cat-frascos-pet-promocao","7":"product_tag-frasco-pet","8":"product_tag-frascos-desinfetante","9":"product_tag-frascos-plastico","10":"pa_frasco-pet-500ml-com-tampa-de-rosca","11":"pa_frasco-pet-500ml-com-tampa-doseador","12":"pa_frasco-pet-500ml-com-tampa-flip-top","13":"pa_frasco-pet-500ml-com-tampa-pistola-spray","14":"pa_frasco-pet-500ml-com-tampa-spray","15":"pa_frasco-pet-500ml-sem-tampa","17":"first","18":"instock","19":"taxable","20":"shipping-taxable","21":"purchasable","22":"product-type-variable"},"yoast_head":"<!-- This site is optimized with the Yoast SEO plugin v27.5 - https:\/\/yoast.com\/product\/yoast-seo-wordpress\/ -->\n<title>Frasco PET Transparente 500 ml - 10 unidades -<\/title>\n<meta name=\"description\" content=\"frasco PET plastico cristal 500 ml, Grande Promo\u00e7\u00e3o.Ideal para alcool gel, champo gel duche sabonetes liquido cosmetica salao de beleza prendas de casamento\" \/>\n<meta name=\"robots\" content=\"index, follow, max-snippet:-1, max-image-preview:large, max-video-preview:-1\" \/>\n<link rel=\"canonical\" href=\"https:\/\/divertarte.com\/index.php\/produto\/frasco-pet-doseador-500-ml\/\" \/>\n<meta property=\"og:locale\" content=\"pt_PT\" \/>\n<meta property=\"og:type\" content=\"article\" \/>\n<meta property=\"og:title\" content=\"Frasco PET Transparente 500 ml - 10 unidades -\" \/>\n<meta property=\"og:description\" content=\"frasco PET plastico cristal 500 ml, Grande Promo\u00e7\u00e3o.Ideal para alcool gel, champo gel duche sabonetes liquido cosmetica salao de beleza prendas de casamento\" \/>\n<meta property=\"og:url\" content=\"https:\/\/divertarte.com\/index.php\/produto\/frasco-pet-doseador-500-ml\/\" \/>\n<meta property=\"article:modified_time\" content=\"2026-03-07T17:23:01+00:00\" \/>\n<meta property=\"og:image\" content=\"https:\/\/divertarte.com\/wp-content\/uploads\/2020\/03\/frasco-pet-500ml-tampa-doseadora.jpg\" \/>\n\t<meta property=\"og:image:width\" content=\"324\" \/>\n\t<meta property=\"og:image:height\" content=\"325\" \/>\n\t<meta property=\"og:image:type\" content=\"image\/jpeg\" \/>\n<meta name=\"twitter:card\" content=\"summary_large_image\" \/>\n<script type=\"application\/ld+json\" class=\"yoast-schema-graph\">{\"@context\":\"https:\\\/\\\/schema.org\",\"@graph\":[{\"@type\":\"WebPage\",\"@id\":\"https:\\\/\\\/divertarte.com\\\/index.php\\\/produto\\\/frasco-pet-doseador-500-ml\\\/\",\"url\":\"https:\\\/\\\/divertarte.com\\\/index.php\\\/produto\\\/frasco-pet-doseador-500-ml\\\/\",\"name\":\"Frasco PET Transparente 500 ml - 10 unidades -\",\"isPartOf\":{\"@id\":\"https:\\\/\\\/divertarte.com\\\/#website\"},\"primaryImageOfPage\":{\"@id\":\"https:\\\/\\\/divertarte.com\\\/index.php\\\/produto\\\/frasco-pet-doseador-500-ml\\\/#primaryimage\"},\"image\":{\"@id\":\"https:\\\/\\\/divertarte.com\\\/index.php\\\/produto\\\/frasco-pet-doseador-500-ml\\\/#primaryimage\"},\"thumbnailUrl\":\"https:\\\/\\\/divertarte.com\\\/wp-content\\\/uploads\\\/2020\\\/03\\\/frasco-pet-500ml-tampa-doseadora.jpg\",\"datePublished\":\"2020-03-14T17:30:58+00:00\",\"dateModified\":\"2026-03-07T17:23:01+00:00\",\"description\":\"frasco PET plastico cristal 500 ml, Grande Promo\u00e7\u00e3o.Ideal para alcool gel, champo gel duche sabonetes liquido cosmetica salao de beleza prendas de casamento\",\"breadcrumb\":{\"@id\":\"https:\\\/\\\/divertarte.com\\\/index.php\\\/produto\\\/frasco-pet-doseador-500-ml\\\/#breadcrumb\"},\"inLanguage\":\"pt-PT\",\"potentialAction\":[{\"@type\":\"ReadAction\",\"target\":[\"https:\\\/\\\/divertarte.com\\\/index.php\\\/produto\\\/frasco-pet-doseador-500-ml\\\/\"]}]},{\"@type\":\"ImageObject\",\"inLanguage\":\"pt-PT\",\"@id\":\"https:\\\/\\\/divertarte.com\\\/index.php\\\/produto\\\/frasco-pet-doseador-500-ml\\\/#primaryimage\",\"url\":\"https:\\\/\\\/divertarte.com\\\/wp-content\\\/uploads\\\/2020\\\/03\\\/frasco-pet-500ml-tampa-doseadora.jpg\",\"contentUrl\":\"https:\\\/\\\/divertarte.com\\\/wp-content\\\/uploads\\\/2020\\\/03\\\/frasco-pet-500ml-tampa-doseadora.jpg\",\"width\":324,\"height\":325},{\"@type\":\"BreadcrumbList\",\"@id\":\"https:\\\/\\\/divertarte.com\\\/index.php\\\/produto\\\/frasco-pet-doseador-500-ml\\\/#breadcrumb\",\"itemListElement\":[{\"@type\":\"ListItem\",\"position\":1,\"name\":\"In\u00edcio\",\"item\":\"https:\\\/\\\/divertarte.com\\\/\"},{\"@type\":\"ListItem\",\"position\":2,\"name\":\"Loja\",\"item\":\"https:\\\/\\\/divertarte.com\\\/index.php\\\/divertarte-produtos\\\/\"},{\"@type\":\"ListItem\",\"position\":3,\"name\":\"Frasco PET Transparente 500 ml &#8211; 10 unidades\"}]},{\"@type\":\"WebSite\",\"@id\":\"https:\\\/\\\/divertarte.com\\\/#website\",\"url\":\"https:\\\/\\\/divertarte.com\\\/\",\"name\":\"Divertarte\",\"description\":\"\",\"publisher\":{\"@id\":\"https:\\\/\\\/divertarte.com\\\/#organization\"},\"potentialAction\":[{\"@type\":\"SearchAction\",\"target\":{\"@type\":\"EntryPoint\",\"urlTemplate\":\"https:\\\/\\\/divertarte.com\\\/?s={search_term_string}\"},\"query-input\":{\"@type\":\"PropertyValueSpecification\",\"valueRequired\":true,\"valueName\":\"search_term_string\"}}],\"inLanguage\":\"pt-PT\"},{\"@type\":\"Organization\",\"@id\":\"https:\\\/\\\/divertarte.com\\\/#organization\",\"name\":\"Divertarte\",\"url\":\"https:\\\/\\\/divertarte.com\\\/\",\"logo\":{\"@type\":\"ImageObject\",\"inLanguage\":\"pt-PT\",\"@id\":\"https:\\\/\\\/divertarte.com\\\/#\\\/schema\\\/logo\\\/image\\\/\",\"url\":\"https:\\\/\\\/divertarte.com\\\/wp-content\\\/uploads\\\/2018\\\/07\\\/logo-div.jpg\",\"contentUrl\":\"https:\\\/\\\/divertarte.com\\\/wp-content\\\/uploads\\\/2018\\\/07\\\/logo-div.jpg\",\"width\":295,\"height\":123,\"caption\":\"Divertarte\"},\"image\":{\"@id\":\"https:\\\/\\\/divertarte.com\\\/#\\\/schema\\\/logo\\\/image\\\/\"}}]}<\/script>\n<!-- \/ Yoast SEO plugin. -->","yoast_head_json":{"title":"Frasco PET Transparente 500 ml - 10 unidades -","description":"frasco PET plastico cristal 500 ml, Grande Promo\u00e7\u00e3o.Ideal para alcool gel, champo gel duche sabonetes liquido cosmetica salao de beleza prendas de casamento","robots":{"index":"index","follow":"follow","max-snippet":"max-snippet:-1","max-image-preview":"max-image-preview:large","max-video-preview":"max-video-preview:-1"},"canonical":"https:\/\/divertarte.com\/index.php\/produto\/frasco-pet-doseador-500-ml\/","og_locale":"pt_PT","og_type":"article","og_title":"Frasco PET Transparente 500 ml - 10 unidades -","og_description":"frasco PET plastico cristal 500 ml, Grande Promo\u00e7\u00e3o.Ideal para alcool gel, champo gel duche sabonetes liquido cosmetica salao de beleza prendas de casamento","og_url":"https:\/\/divertarte.com\/index.php\/produto\/frasco-pet-doseador-500-ml\/","article_modified_time":"2026-03-07T17:23:01+00:00","og_image":[{"width":324,"height":325,"url":"https:\/\/divertarte.com\/wp-content\/uploads\/2020\/03\/frasco-pet-500ml-tampa-doseadora.jpg","type":"image\/jpeg"}],"twitter_card":"summary_large_image","schema":{"@context":"https:\/\/schema.org","@graph":[{"@type":"WebPage","@id":"https:\/\/divertarte.com\/index.php\/produto\/frasco-pet-doseador-500-ml\/","url":"https:\/\/divertarte.com\/index.php\/produto\/frasco-pet-doseador-500-ml\/","name":"Frasco PET Transparente 500 ml - 10 unidades -","isPartOf":{"@id":"https:\/\/divertarte.com\/#website"},"primaryImageOfPage":{"@id":"https:\/\/divertarte.com\/index.php\/produto\/frasco-pet-doseador-500-ml\/#primaryimage"},"image":{"@id":"https:\/\/divertarte.com\/index.php\/produto\/frasco-pet-doseador-500-ml\/#primaryimage"},"thumbnailUrl":"https:\/\/divertarte.com\/wp-content\/uploads\/2020\/03\/frasco-pet-500ml-tampa-doseadora.jpg","datePublished":"2020-03-14T17:30:58+00:00","dateModified":"2026-03-07T17:23:01+00:00","description":"frasco PET plastico cristal 500 ml, Grande Promo\u00e7\u00e3o.Ideal para alcool gel, champo gel duche sabonetes liquido cosmetica salao de beleza prendas de casamento","breadcrumb":{"@id":"https:\/\/divertarte.com\/index.php\/produto\/frasco-pet-doseador-500-ml\/#breadcrumb"},"inLanguage":"pt-PT","potentialAction":[{"@type":"ReadAction","target":["https:\/\/divertarte.com\/index.php\/produto\/frasco-pet-doseador-500-ml\/"]}]},{"@type":"ImageObject","inLanguage":"pt-PT","@id":"https:\/\/divertarte.com\/index.php\/produto\/frasco-pet-doseador-500-ml\/#primaryimage","url":"https:\/\/divertarte.com\/wp-content\/uploads\/2020\/03\/frasco-pet-500ml-tampa-doseadora.jpg","contentUrl":"https:\/\/divertarte.com\/wp-content\/uploads\/2020\/03\/frasco-pet-500ml-tampa-doseadora.jpg","width":324,"height":325},{"@type":"BreadcrumbList","@id":"https:\/\/divertarte.com\/index.php\/produto\/frasco-pet-doseador-500-ml\/#breadcrumb","itemListElement":[{"@type":"ListItem","position":1,"name":"In\u00edcio","item":"https:\/\/divertarte.com\/"},{"@type":"ListItem","position":2,"name":"Loja","item":"https:\/\/divertarte.com\/index.php\/divertarte-produtos\/"},{"@type":"ListItem","position":3,"name":"Frasco PET Transparente 500 ml &#8211; 10 unidades"}]},{"@type":"WebSite","@id":"https:\/\/divertarte.com\/#website","url":"https:\/\/divertarte.com\/","name":"Divertarte","description":"","publisher":{"@id":"https:\/\/divertarte.com\/#organization"},"potentialAction":[{"@type":"SearchAction","target":{"@type":"EntryPoint","urlTemplate":"https:\/\/divertarte.com\/?s={search_term_string}"},"query-input":{"@type":"PropertyValueSpecification","valueRequired":true,"valueName":"search_term_string"}}],"inLanguage":"pt-PT"},{"@type":"Organization","@id":"https:\/\/divertarte.com\/#organization","name":"Divertarte","url":"https:\/\/divertarte.com\/","logo":{"@type":"ImageObject","inLanguage":"pt-PT","@id":"https:\/\/divertarte.com\/#\/schema\/logo\/image\/","url":"https:\/\/divertarte.com\/wp-content\/uploads\/2018\/07\/logo-div.jpg","contentUrl":"https:\/\/divertarte.com\/wp-content\/uploads\/2018\/07\/logo-div.jpg","width":295,"height":123,"caption":"Divertarte"},"image":{"@id":"https:\/\/divertarte.com\/#\/schema\/logo\/image\/"}}]}},"_links":{"self":[{"href":"https:\/\/divertarte.com\/index.php\/wp-json\/wp\/v2\/product\/10265","targetHints":{"allow":["GET"]}}],"collection":[{"href":"https:\/\/divertarte.com\/index.php\/wp-json\/wp\/v2\/product"}],"about":[{"href":"https:\/\/divertarte.com\/index.php\/wp-json\/wp\/v2\/types\/product"}],"replies":[{"embeddable":true,"href":"https:\/\/divertarte.com\/index.php\/wp-json\/wp\/v2\/comments?post=10265"}],"wp:featuredmedia":[{"embeddable":true,"href":"https:\/\/divertarte.com\/index.php\/wp-json\/wp\/v2\/media\/22038"}],"wp:attachment":[{"href":"https:\/\/divertarte.com\/index.php\/wp-json\/wp\/v2\/media?parent=10265"}],"wp:term":[{"taxonomy":"product_brand","embeddable":true,"href":"https:\/\/divertarte.com\/index.php\/wp-json\/wp\/v2\/product_brand?post=10265"},{"taxonomy":"product_cat","embeddable":true,"href":"https:\/\/divertarte.com\/index.php\/wp-json\/wp\/v2\/product_cat?post=10265"},{"taxonomy":"product_tag","embeddable":true,"href":"https:\/\/divertarte.com\/index.php\/wp-json\/wp\/v2\/product_tag?post=10265"}],"curies":[{"name":"wp","href":"https:\/\/api.w.org\/{rel}","templated":true}]}}