{"id":1025,"date":"2018-06-07T14:11:15","date_gmt":"2018-06-07T13:11:15","guid":{"rendered":"https:\/\/divertarte.com\/index.php\/produto\/anilina-rosa-8-g\/"},"modified":"2025-11-06T13:50:56","modified_gmt":"2025-11-06T13:50:56","slug":"anilina-rosa-8-g","status":"publish","type":"product","link":"https:\/\/divertarte.com\/index.php\/produto\/anilina-rosa-8-g\/","title":{"rendered":"Corante em p\u00f3 para Velas Rosa 8 g"},"content":{"rendered":"<p>Corante em p\u00f3 para Velas Rosa 8 g<\/p>\n<p>Caracter\u00edstica : Pigmento em p\u00f3 super concentrado a base de \u00f3leo natural.<\/p>\n<p>Aplica\u00e7\u00e3o: Colorir Gel, parafina, graxas, couros, ceras, resinas, pl\u00e1sticos. Al\u00e9m disso dissolve no \u00e1lcool para colorir pano e papel.<\/p>\n<p>&#8211; Como usar: Por ser corante pigmentado, deve-se dissolver primeiro numa pequena quantidade de parafina ou gel, formando uma pasta de cor bem uniforme. Logo em seguida, colocar a pasta no restante, mantendo uma temperatura de 70 graus. Teste a cor final retirando uma pequena amostra deixando arrefecer.<br \/>\n&#8211; Recomenda\u00e7\u00e3o: N\u00e3o dilui em \u00e1gua. N\u00e3o usar em produtos cosm\u00e9ticos ou alimentares<\/p>\n","protected":false},"excerpt":{"rendered":"<p>Corante em p\u00f3 para Velas Rosa 8 g<\/p>\n<p>Caracter\u00edstica : Pigmento em p\u00f3 super concentrado a base de \u00f3leo natural.<\/p>\n<p>Aplica\u00e7\u00e3o: Colorir Gel, parafina, graxas, couros, ceras, resinas, pl\u00e1sticos. Al\u00e9m disso dissolve no \u00e1lcool para colorir pano e papel.<\/p>\n<p>&#8211; Como usar: Por ser corante pigmentado, deve-se dissolver primeiro numa pequena quantidade de parafina ou gel, formando uma pasta de cor bem uniforme. Logo em seguida, colocar a pasta no restante, mantendo uma temperatura de 70 graus. Teste a cor final retirando uma pequena amostra deixando arrefecer.<br \/>\n&#8211; Recomenda\u00e7\u00e3o: N\u00e3o dilui em \u00e1gua. N\u00e3o usar em produtos cosm\u00e9ticos ou alimentares<\/p>\n","protected":false},"featured_media":14428,"comment_status":"closed","ping_status":"closed","template":"","meta":{"_exactmetrics_skip_tracking":false,"_exactmetrics_sitenote_active":false,"_exactmetrics_sitenote_note":"","_exactmetrics_sitenote_category":0},"product_brand":[],"product_cat":[21,15],"product_tag":[],"class_list":{"0":"post-1025","1":"product","2":"type-product","3":"status-publish","4":"has-post-thumbnail","6":"product_cat-corantes-velas-anilinas","7":"product_cat-ver-todos-os-produtos","9":"first","10":"instock","11":"taxable","12":"shipping-taxable","13":"purchasable","14":"product-type-simple"},"yoast_head":"<!-- This site is optimized with the Yoast SEO plugin v27.4 - https:\/\/yoast.com\/product\/yoast-seo-wordpress\/ -->\n<title>Corante em p\u00f3 para Velas Rosa 8 g - Corante a oleo para velas<\/title>\n<meta name=\"description\" content=\"Corante em p\u00f3 para Velas Rosa 8 g. Corante a \u00f3leo, tintas e pigmentos em p\u00f3. Corantes sol\u00faveis em cera e alcool, pigmentos de dispers\u00e3o em p\u00f3.\" \/>\n<meta name=\"robots\" content=\"index, follow, max-snippet:-1, max-image-preview:large, max-video-preview:-1\" \/>\n<link rel=\"canonical\" href=\"https:\/\/divertarte.com\/index.php\/produto\/anilina-rosa-8-g\/\" \/>\n<meta property=\"og:locale\" content=\"pt_PT\" \/>\n<meta property=\"og:type\" content=\"article\" \/>\n<meta property=\"og:title\" content=\"Corante em p\u00f3 para Velas Rosa 8 g - Corante a oleo para velas\" \/>\n<meta property=\"og:description\" content=\"Corante em p\u00f3 para Velas Rosa 8 g. Corante a \u00f3leo, tintas e pigmentos em p\u00f3. Corantes sol\u00faveis em cera e alcool, pigmentos de dispers\u00e3o em p\u00f3.\" \/>\n<meta property=\"og:url\" content=\"https:\/\/divertarte.com\/index.php\/produto\/anilina-rosa-8-g\/\" \/>\n<meta property=\"article:modified_time\" content=\"2025-11-06T13:50:56+00:00\" \/>\n<meta property=\"og:image\" content=\"https:\/\/divertarte.com\/wp-content\/uploads\/2018\/06\/corante_a_oleo_rosa.jpg\" \/>\n\t<meta property=\"og:image:width\" content=\"218\" \/>\n\t<meta property=\"og:image:height\" content=\"300\" \/>\n\t<meta property=\"og:image:type\" content=\"image\/jpeg\" \/>\n<meta name=\"twitter:card\" content=\"summary_large_image\" \/>\n<meta name=\"twitter:label1\" content=\"Tempo estimado de leitura\" \/>\n\t<meta name=\"twitter:data1\" content=\"1 minuto\" \/>\n<script type=\"application\/ld+json\" class=\"yoast-schema-graph\">{\"@context\":\"https:\\\/\\\/schema.org\",\"@graph\":[{\"@type\":\"WebPage\",\"@id\":\"https:\\\/\\\/divertarte.com\\\/index.php\\\/produto\\\/anilina-rosa-8-g\\\/\",\"url\":\"https:\\\/\\\/divertarte.com\\\/index.php\\\/produto\\\/anilina-rosa-8-g\\\/\",\"name\":\"Corante em p\u00f3 para Velas Rosa 8 g - Corante a oleo para velas\",\"isPartOf\":{\"@id\":\"https:\\\/\\\/divertarte.com\\\/#website\"},\"primaryImageOfPage\":{\"@id\":\"https:\\\/\\\/divertarte.com\\\/index.php\\\/produto\\\/anilina-rosa-8-g\\\/#primaryimage\"},\"image\":{\"@id\":\"https:\\\/\\\/divertarte.com\\\/index.php\\\/produto\\\/anilina-rosa-8-g\\\/#primaryimage\"},\"thumbnailUrl\":\"https:\\\/\\\/divertarte.com\\\/wp-content\\\/uploads\\\/2018\\\/06\\\/corante_a_oleo_rosa.jpg\",\"datePublished\":\"2018-06-07T13:11:15+00:00\",\"dateModified\":\"2025-11-06T13:50:56+00:00\",\"description\":\"Corante em p\u00f3 para Velas Rosa 8 g. Corante a \u00f3leo, tintas e pigmentos em p\u00f3. Corantes sol\u00faveis em cera e alcool, pigmentos de dispers\u00e3o em p\u00f3.\",\"breadcrumb\":{\"@id\":\"https:\\\/\\\/divertarte.com\\\/index.php\\\/produto\\\/anilina-rosa-8-g\\\/#breadcrumb\"},\"inLanguage\":\"pt-PT\",\"potentialAction\":[{\"@type\":\"ReadAction\",\"target\":[\"https:\\\/\\\/divertarte.com\\\/index.php\\\/produto\\\/anilina-rosa-8-g\\\/\"]}]},{\"@type\":\"ImageObject\",\"inLanguage\":\"pt-PT\",\"@id\":\"https:\\\/\\\/divertarte.com\\\/index.php\\\/produto\\\/anilina-rosa-8-g\\\/#primaryimage\",\"url\":\"https:\\\/\\\/divertarte.com\\\/wp-content\\\/uploads\\\/2018\\\/06\\\/corante_a_oleo_rosa.jpg\",\"contentUrl\":\"https:\\\/\\\/divertarte.com\\\/wp-content\\\/uploads\\\/2018\\\/06\\\/corante_a_oleo_rosa.jpg\",\"width\":218,\"height\":300,\"caption\":\"Exif_JPEG_420\"},{\"@type\":\"BreadcrumbList\",\"@id\":\"https:\\\/\\\/divertarte.com\\\/index.php\\\/produto\\\/anilina-rosa-8-g\\\/#breadcrumb\",\"itemListElement\":[{\"@type\":\"ListItem\",\"position\":1,\"name\":\"In\u00edcio\",\"item\":\"https:\\\/\\\/divertarte.com\\\/\"},{\"@type\":\"ListItem\",\"position\":2,\"name\":\"Loja\",\"item\":\"https:\\\/\\\/divertarte.com\\\/index.php\\\/divertarte-produtos\\\/\"},{\"@type\":\"ListItem\",\"position\":3,\"name\":\"Corante em p\u00f3 para Velas Rosa 8 g\"}]},{\"@type\":\"WebSite\",\"@id\":\"https:\\\/\\\/divertarte.com\\\/#website\",\"url\":\"https:\\\/\\\/divertarte.com\\\/\",\"name\":\"Divertarte\",\"description\":\"\",\"publisher\":{\"@id\":\"https:\\\/\\\/divertarte.com\\\/#organization\"},\"potentialAction\":[{\"@type\":\"SearchAction\",\"target\":{\"@type\":\"EntryPoint\",\"urlTemplate\":\"https:\\\/\\\/divertarte.com\\\/?s={search_term_string}\"},\"query-input\":{\"@type\":\"PropertyValueSpecification\",\"valueRequired\":true,\"valueName\":\"search_term_string\"}}],\"inLanguage\":\"pt-PT\"},{\"@type\":\"Organization\",\"@id\":\"https:\\\/\\\/divertarte.com\\\/#organization\",\"name\":\"Divertarte\",\"url\":\"https:\\\/\\\/divertarte.com\\\/\",\"logo\":{\"@type\":\"ImageObject\",\"inLanguage\":\"pt-PT\",\"@id\":\"https:\\\/\\\/divertarte.com\\\/#\\\/schema\\\/logo\\\/image\\\/\",\"url\":\"https:\\\/\\\/divertarte.com\\\/wp-content\\\/uploads\\\/2018\\\/07\\\/logo-div.jpg\",\"contentUrl\":\"https:\\\/\\\/divertarte.com\\\/wp-content\\\/uploads\\\/2018\\\/07\\\/logo-div.jpg\",\"width\":295,\"height\":123,\"caption\":\"Divertarte\"},\"image\":{\"@id\":\"https:\\\/\\\/divertarte.com\\\/#\\\/schema\\\/logo\\\/image\\\/\"}}]}<\/script>\n<!-- \/ Yoast SEO plugin. -->","yoast_head_json":{"title":"Corante em p\u00f3 para Velas Rosa 8 g - Corante a oleo para velas","description":"Corante em p\u00f3 para Velas Rosa 8 g. Corante a \u00f3leo, tintas e pigmentos em p\u00f3. Corantes sol\u00faveis em cera e alcool, pigmentos de dispers\u00e3o em p\u00f3.","robots":{"index":"index","follow":"follow","max-snippet":"max-snippet:-1","max-image-preview":"max-image-preview:large","max-video-preview":"max-video-preview:-1"},"canonical":"https:\/\/divertarte.com\/index.php\/produto\/anilina-rosa-8-g\/","og_locale":"pt_PT","og_type":"article","og_title":"Corante em p\u00f3 para Velas Rosa 8 g - Corante a oleo para velas","og_description":"Corante em p\u00f3 para Velas Rosa 8 g. Corante a \u00f3leo, tintas e pigmentos em p\u00f3. Corantes sol\u00faveis em cera e alcool, pigmentos de dispers\u00e3o em p\u00f3.","og_url":"https:\/\/divertarte.com\/index.php\/produto\/anilina-rosa-8-g\/","article_modified_time":"2025-11-06T13:50:56+00:00","og_image":[{"width":218,"height":300,"url":"https:\/\/divertarte.com\/wp-content\/uploads\/2018\/06\/corante_a_oleo_rosa.jpg","type":"image\/jpeg"}],"twitter_card":"summary_large_image","twitter_misc":{"Tempo estimado de leitura":"1 minuto"},"schema":{"@context":"https:\/\/schema.org","@graph":[{"@type":"WebPage","@id":"https:\/\/divertarte.com\/index.php\/produto\/anilina-rosa-8-g\/","url":"https:\/\/divertarte.com\/index.php\/produto\/anilina-rosa-8-g\/","name":"Corante em p\u00f3 para Velas Rosa 8 g - Corante a oleo para velas","isPartOf":{"@id":"https:\/\/divertarte.com\/#website"},"primaryImageOfPage":{"@id":"https:\/\/divertarte.com\/index.php\/produto\/anilina-rosa-8-g\/#primaryimage"},"image":{"@id":"https:\/\/divertarte.com\/index.php\/produto\/anilina-rosa-8-g\/#primaryimage"},"thumbnailUrl":"https:\/\/divertarte.com\/wp-content\/uploads\/2018\/06\/corante_a_oleo_rosa.jpg","datePublished":"2018-06-07T13:11:15+00:00","dateModified":"2025-11-06T13:50:56+00:00","description":"Corante em p\u00f3 para Velas Rosa 8 g. Corante a \u00f3leo, tintas e pigmentos em p\u00f3. Corantes sol\u00faveis em cera e alcool, pigmentos de dispers\u00e3o em p\u00f3.","breadcrumb":{"@id":"https:\/\/divertarte.com\/index.php\/produto\/anilina-rosa-8-g\/#breadcrumb"},"inLanguage":"pt-PT","potentialAction":[{"@type":"ReadAction","target":["https:\/\/divertarte.com\/index.php\/produto\/anilina-rosa-8-g\/"]}]},{"@type":"ImageObject","inLanguage":"pt-PT","@id":"https:\/\/divertarte.com\/index.php\/produto\/anilina-rosa-8-g\/#primaryimage","url":"https:\/\/divertarte.com\/wp-content\/uploads\/2018\/06\/corante_a_oleo_rosa.jpg","contentUrl":"https:\/\/divertarte.com\/wp-content\/uploads\/2018\/06\/corante_a_oleo_rosa.jpg","width":218,"height":300,"caption":"Exif_JPEG_420"},{"@type":"BreadcrumbList","@id":"https:\/\/divertarte.com\/index.php\/produto\/anilina-rosa-8-g\/#breadcrumb","itemListElement":[{"@type":"ListItem","position":1,"name":"In\u00edcio","item":"https:\/\/divertarte.com\/"},{"@type":"ListItem","position":2,"name":"Loja","item":"https:\/\/divertarte.com\/index.php\/divertarte-produtos\/"},{"@type":"ListItem","position":3,"name":"Corante em p\u00f3 para Velas Rosa 8 g"}]},{"@type":"WebSite","@id":"https:\/\/divertarte.com\/#website","url":"https:\/\/divertarte.com\/","name":"Divertarte","description":"","publisher":{"@id":"https:\/\/divertarte.com\/#organization"},"potentialAction":[{"@type":"SearchAction","target":{"@type":"EntryPoint","urlTemplate":"https:\/\/divertarte.com\/?s={search_term_string}"},"query-input":{"@type":"PropertyValueSpecification","valueRequired":true,"valueName":"search_term_string"}}],"inLanguage":"pt-PT"},{"@type":"Organization","@id":"https:\/\/divertarte.com\/#organization","name":"Divertarte","url":"https:\/\/divertarte.com\/","logo":{"@type":"ImageObject","inLanguage":"pt-PT","@id":"https:\/\/divertarte.com\/#\/schema\/logo\/image\/","url":"https:\/\/divertarte.com\/wp-content\/uploads\/2018\/07\/logo-div.jpg","contentUrl":"https:\/\/divertarte.com\/wp-content\/uploads\/2018\/07\/logo-div.jpg","width":295,"height":123,"caption":"Divertarte"},"image":{"@id":"https:\/\/divertarte.com\/#\/schema\/logo\/image\/"}}]}},"_links":{"self":[{"href":"https:\/\/divertarte.com\/index.php\/wp-json\/wp\/v2\/product\/1025","targetHints":{"allow":["GET"]}}],"collection":[{"href":"https:\/\/divertarte.com\/index.php\/wp-json\/wp\/v2\/product"}],"about":[{"href":"https:\/\/divertarte.com\/index.php\/wp-json\/wp\/v2\/types\/product"}],"replies":[{"embeddable":true,"href":"https:\/\/divertarte.com\/index.php\/wp-json\/wp\/v2\/comments?post=1025"}],"wp:featuredmedia":[{"embeddable":true,"href":"https:\/\/divertarte.com\/index.php\/wp-json\/wp\/v2\/media\/14428"}],"wp:attachment":[{"href":"https:\/\/divertarte.com\/index.php\/wp-json\/wp\/v2\/media?parent=1025"}],"wp:term":[{"taxonomy":"product_brand","embeddable":true,"href":"https:\/\/divertarte.com\/index.php\/wp-json\/wp\/v2\/product_brand?post=1025"},{"taxonomy":"product_cat","embeddable":true,"href":"https:\/\/divertarte.com\/index.php\/wp-json\/wp\/v2\/product_cat?post=1025"},{"taxonomy":"product_tag","embeddable":true,"href":"https:\/\/divertarte.com\/index.php\/wp-json\/wp\/v2\/product_tag?post=1025"}],"curies":[{"name":"wp","href":"https:\/\/api.w.org\/{rel}","templated":true}]}}