{"id":1005,"date":"2018-06-07T14:13:40","date_gmt":"2018-06-07T13:13:40","guid":{"rendered":"https:\/\/divertarte.com\/index.php\/produto\/guia-pavio\/"},"modified":"2025-11-06T13:47:47","modified_gmt":"2025-11-06T13:47:47","slug":"guia-pavio","status":"publish","type":"product","link":"https:\/\/divertarte.com\/index.php\/produto\/guia-pavio\/","title":{"rendered":"Suporte de Pavio &#8211; Guia pavio"},"content":{"rendered":"<p>Suporte de Pavio &#8211; Guia pavio &#8211; Unidade<\/p>\n<p>Suporte de metal para pavio \u00e9 uma pe\u00e7a fundamental para fazer velas de qualidade e com um acabamento profissional. Portanto, este suporte ajudar\u00e1 a colocar o pavio centrado na vela, no copo\u00a0 ou no molde e a mant\u00ea-lo numa posi\u00e7\u00e3o reta e bem centralizado.<br \/>\n\u00c9 um guia pavio muito resistente e dur\u00e1vel, e poder\u00e1 us\u00e1-lo v\u00e1rias vezes sem se estragar. Al\u00e9m disso \u00e9 feito em a\u00e7o inox mantem-se indeform\u00e1vel\u00a0 com as altas temperaturas da cera derretida e da parafina. Tem v\u00e1rios orif\u00edcios para enfiar e segurar o pavio. \u00c9 uma grande ajuda para manter o pavio seguro na altura de verter a cera ou parafina.<\/p>\n<p>Como usar:<\/p>\n<p>Coloque o pavio centrado ao fazer velas com este pr\u00e1tico suporte de metal para pavio. Um suporte para pavios de metal que ajudar\u00e1 a manter o pavio no centro e, assim, facilitar o processo de fabrica\u00e7\u00e3o de velas artesanais. Colocar o pavio para uma vela caseira n\u00e3o ser\u00e1 problema algum, porque com este suporte o pavio n\u00e3o se inclina quando derramar a cera no molde. Tem v\u00e1rios guias atrav\u00e9s dos quais enfiar o pavio e mant\u00ea-lo centrado. \u00c9 um suporte para pavios, perfeito para uso em velas em copos ou cil\u00edndricas. Al\u00e9m de ser seu acess\u00f3rio muito resistente e reutiliz\u00e1vel, d\u00e1 para diversas medidas de molde.\u00a0 Pode usar os <a href=\"https:\/\/divertarte.com\/index.php\/produto\/autocolantes-para-base-de-pavio-10\/\">autocolantes para as bases de pavio<\/a>, o que ajudar\u00e1 muito<\/p>\n<p>Medida: 10 cm de comprimento x 2,5 cm de largura<\/p>\n<p>.<\/p>\n","protected":false},"excerpt":{"rendered":"<p>Suporte de Pavio &#8211; Guia pavio &#8211; Unidade<\/p>\n<p>Suporte de metal para pavio \u00e9 uma pe\u00e7a fundamental para fazer velas de qualidade e com um acabamento profissional. Este suporte ajudar\u00e1 a colocar o pavio centrado na vela, no copo\u00a0 ou no molde e a mant\u00ea-lo numa posi\u00e7\u00e3o reta e bem centralizado.<br \/>\n\u00c9 um guia pavio muito resistente e dur\u00e1vel, e poder\u00e1 us\u00e1-lo v\u00e1rias vezes sem se estragar. Feito em a\u00e7o inox mantem-se indeform\u00e1vel\u00a0 com as altas temperaturas da cera derretida e da parafina. Tem v\u00e1rios orif\u00edcios para enfiar e segurar o pavio. \u00c9 uma grande ajuda para manter o pavio seguro na altura de verter a cera ou parafina.<\/p>\n<p>Como usar:<\/p>\n<p>Coloque o pavio centrado ao fazer velas com este pr\u00e1tico suporte de metal para pavio. Um suporte para pavios de metal que ajudar\u00e1 a manter o pavio no centro e, assim, facilitar o processo de fabrica\u00e7\u00e3o de velas artesanais. Colocar o pavio para uma vela caseira n\u00e3o ser\u00e1 problema algum, porque com este suporte o pavio n\u00e3o se inclina quando derramar a cera no molde. Tem v\u00e1rios guias atrav\u00e9s dos quais enfiar o pavio e mant\u00ea-lo centrado. \u00c9 um suporte para pavios, perfeito para uso em velas em copos ou cil\u00edndricas. Al\u00e9m de ser seu acess\u00f3rio muito resistente e reutiliz\u00e1vel, d\u00e1 para diversas medidas de molde.\u00a0 Pode usar os <a href=\"https:\/\/divertarte.com\/index.php\/produto\/autocolantes-para-base-de-pavio-10\/\">autocolantes para as bases de pavio<\/a>, o que ajudar\u00e1 muito<\/p>\n<p>Medida: 10 cm de comprimento x 2,5 cm de largura<\/p>\n","protected":false},"featured_media":20860,"comment_status":"closed","ping_status":"closed","template":"","meta":{"_exactmetrics_skip_tracking":false,"_exactmetrics_sitenote_active":false,"_exactmetrics_sitenote_note":"","_exactmetrics_sitenote_category":0},"product_brand":[],"product_cat":[30],"product_tag":[1302,1301,1300],"class_list":{"0":"post-1005","1":"product","2":"type-product","3":"status-publish","4":"has-post-thumbnail","6":"product_cat-pavios-para-velas","7":"product_tag-centralizador-de-pavio","8":"product_tag-guia-pavio","9":"product_tag-suporte-para-pavio","11":"first","12":"instock","13":"taxable","14":"shipping-taxable","15":"purchasable","16":"product-type-simple"},"yoast_head":"<!-- This site is optimized with the Yoast SEO plugin v27.5 - https:\/\/yoast.com\/product\/yoast-seo-wordpress\/ -->\n<title>Suporte de Pavio - Guia pavio -<\/title>\n<meta name=\"description\" content=\"Suporte de Pavio - Guia pavio de metal para pavio \u00e9 uma pe\u00e7a fundamental para fazer velas de qualidade e com um acabamento profissional.\" \/>\n<meta name=\"robots\" content=\"index, follow, max-snippet:-1, max-image-preview:large, max-video-preview:-1\" \/>\n<link rel=\"canonical\" href=\"https:\/\/divertarte.com\/index.php\/produto\/guia-pavio\/\" \/>\n<meta property=\"og:locale\" content=\"pt_PT\" \/>\n<meta property=\"og:type\" content=\"article\" \/>\n<meta property=\"og:title\" content=\"Suporte de Pavio - Guia pavio -\" \/>\n<meta property=\"og:description\" content=\"Suporte de Pavio - Guia pavio de metal para pavio \u00e9 uma pe\u00e7a fundamental para fazer velas de qualidade e com um acabamento profissional.\" \/>\n<meta property=\"og:url\" content=\"https:\/\/divertarte.com\/index.php\/produto\/guia-pavio\/\" \/>\n<meta property=\"article:modified_time\" content=\"2025-11-06T13:47:47+00:00\" \/>\n<meta property=\"og:image\" content=\"https:\/\/divertarte.com\/wp-content\/uploads\/2018\/06\/suporte-de-pavio-guia-pavio.jpg\" \/>\n\t<meta property=\"og:image:width\" content=\"349\" \/>\n\t<meta property=\"og:image:height\" content=\"350\" \/>\n\t<meta property=\"og:image:type\" content=\"image\/jpeg\" \/>\n<meta name=\"twitter:card\" content=\"summary_large_image\" \/>\n<meta name=\"twitter:label1\" content=\"Tempo estimado de leitura\" \/>\n\t<meta name=\"twitter:data1\" content=\"1 minuto\" \/>\n<script type=\"application\/ld+json\" class=\"yoast-schema-graph\">{\"@context\":\"https:\\\/\\\/schema.org\",\"@graph\":[{\"@type\":\"WebPage\",\"@id\":\"https:\\\/\\\/divertarte.com\\\/index.php\\\/produto\\\/guia-pavio\\\/\",\"url\":\"https:\\\/\\\/divertarte.com\\\/index.php\\\/produto\\\/guia-pavio\\\/\",\"name\":\"Suporte de Pavio - Guia pavio -\",\"isPartOf\":{\"@id\":\"https:\\\/\\\/divertarte.com\\\/#website\"},\"primaryImageOfPage\":{\"@id\":\"https:\\\/\\\/divertarte.com\\\/index.php\\\/produto\\\/guia-pavio\\\/#primaryimage\"},\"image\":{\"@id\":\"https:\\\/\\\/divertarte.com\\\/index.php\\\/produto\\\/guia-pavio\\\/#primaryimage\"},\"thumbnailUrl\":\"https:\\\/\\\/divertarte.com\\\/wp-content\\\/uploads\\\/2018\\\/06\\\/suporte-de-pavio-guia-pavio.jpg\",\"datePublished\":\"2018-06-07T13:13:40+00:00\",\"dateModified\":\"2025-11-06T13:47:47+00:00\",\"description\":\"Suporte de Pavio - Guia pavio de metal para pavio \u00e9 uma pe\u00e7a fundamental para fazer velas de qualidade e com um acabamento profissional.\",\"breadcrumb\":{\"@id\":\"https:\\\/\\\/divertarte.com\\\/index.php\\\/produto\\\/guia-pavio\\\/#breadcrumb\"},\"inLanguage\":\"pt-PT\",\"potentialAction\":[{\"@type\":\"ReadAction\",\"target\":[\"https:\\\/\\\/divertarte.com\\\/index.php\\\/produto\\\/guia-pavio\\\/\"]}]},{\"@type\":\"ImageObject\",\"inLanguage\":\"pt-PT\",\"@id\":\"https:\\\/\\\/divertarte.com\\\/index.php\\\/produto\\\/guia-pavio\\\/#primaryimage\",\"url\":\"https:\\\/\\\/divertarte.com\\\/wp-content\\\/uploads\\\/2018\\\/06\\\/suporte-de-pavio-guia-pavio.jpg\",\"contentUrl\":\"https:\\\/\\\/divertarte.com\\\/wp-content\\\/uploads\\\/2018\\\/06\\\/suporte-de-pavio-guia-pavio.jpg\",\"width\":349,\"height\":350},{\"@type\":\"BreadcrumbList\",\"@id\":\"https:\\\/\\\/divertarte.com\\\/index.php\\\/produto\\\/guia-pavio\\\/#breadcrumb\",\"itemListElement\":[{\"@type\":\"ListItem\",\"position\":1,\"name\":\"In\u00edcio\",\"item\":\"https:\\\/\\\/divertarte.com\\\/\"},{\"@type\":\"ListItem\",\"position\":2,\"name\":\"Loja\",\"item\":\"https:\\\/\\\/divertarte.com\\\/index.php\\\/divertarte-produtos\\\/\"},{\"@type\":\"ListItem\",\"position\":3,\"name\":\"Suporte de Pavio &#8211; Guia pavio\"}]},{\"@type\":\"WebSite\",\"@id\":\"https:\\\/\\\/divertarte.com\\\/#website\",\"url\":\"https:\\\/\\\/divertarte.com\\\/\",\"name\":\"Divertarte\",\"description\":\"\",\"publisher\":{\"@id\":\"https:\\\/\\\/divertarte.com\\\/#organization\"},\"potentialAction\":[{\"@type\":\"SearchAction\",\"target\":{\"@type\":\"EntryPoint\",\"urlTemplate\":\"https:\\\/\\\/divertarte.com\\\/?s={search_term_string}\"},\"query-input\":{\"@type\":\"PropertyValueSpecification\",\"valueRequired\":true,\"valueName\":\"search_term_string\"}}],\"inLanguage\":\"pt-PT\"},{\"@type\":\"Organization\",\"@id\":\"https:\\\/\\\/divertarte.com\\\/#organization\",\"name\":\"Divertarte\",\"url\":\"https:\\\/\\\/divertarte.com\\\/\",\"logo\":{\"@type\":\"ImageObject\",\"inLanguage\":\"pt-PT\",\"@id\":\"https:\\\/\\\/divertarte.com\\\/#\\\/schema\\\/logo\\\/image\\\/\",\"url\":\"https:\\\/\\\/divertarte.com\\\/wp-content\\\/uploads\\\/2018\\\/07\\\/logo-div.jpg\",\"contentUrl\":\"https:\\\/\\\/divertarte.com\\\/wp-content\\\/uploads\\\/2018\\\/07\\\/logo-div.jpg\",\"width\":295,\"height\":123,\"caption\":\"Divertarte\"},\"image\":{\"@id\":\"https:\\\/\\\/divertarte.com\\\/#\\\/schema\\\/logo\\\/image\\\/\"}}]}<\/script>\n<!-- \/ Yoast SEO plugin. -->","yoast_head_json":{"title":"Suporte de Pavio - Guia pavio -","description":"Suporte de Pavio - Guia pavio de metal para pavio \u00e9 uma pe\u00e7a fundamental para fazer velas de qualidade e com um acabamento profissional.","robots":{"index":"index","follow":"follow","max-snippet":"max-snippet:-1","max-image-preview":"max-image-preview:large","max-video-preview":"max-video-preview:-1"},"canonical":"https:\/\/divertarte.com\/index.php\/produto\/guia-pavio\/","og_locale":"pt_PT","og_type":"article","og_title":"Suporte de Pavio - Guia pavio -","og_description":"Suporte de Pavio - Guia pavio de metal para pavio \u00e9 uma pe\u00e7a fundamental para fazer velas de qualidade e com um acabamento profissional.","og_url":"https:\/\/divertarte.com\/index.php\/produto\/guia-pavio\/","article_modified_time":"2025-11-06T13:47:47+00:00","og_image":[{"width":349,"height":350,"url":"https:\/\/divertarte.com\/wp-content\/uploads\/2018\/06\/suporte-de-pavio-guia-pavio.jpg","type":"image\/jpeg"}],"twitter_card":"summary_large_image","twitter_misc":{"Tempo estimado de leitura":"1 minuto"},"schema":{"@context":"https:\/\/schema.org","@graph":[{"@type":"WebPage","@id":"https:\/\/divertarte.com\/index.php\/produto\/guia-pavio\/","url":"https:\/\/divertarte.com\/index.php\/produto\/guia-pavio\/","name":"Suporte de Pavio - Guia pavio -","isPartOf":{"@id":"https:\/\/divertarte.com\/#website"},"primaryImageOfPage":{"@id":"https:\/\/divertarte.com\/index.php\/produto\/guia-pavio\/#primaryimage"},"image":{"@id":"https:\/\/divertarte.com\/index.php\/produto\/guia-pavio\/#primaryimage"},"thumbnailUrl":"https:\/\/divertarte.com\/wp-content\/uploads\/2018\/06\/suporte-de-pavio-guia-pavio.jpg","datePublished":"2018-06-07T13:13:40+00:00","dateModified":"2025-11-06T13:47:47+00:00","description":"Suporte de Pavio - Guia pavio de metal para pavio \u00e9 uma pe\u00e7a fundamental para fazer velas de qualidade e com um acabamento profissional.","breadcrumb":{"@id":"https:\/\/divertarte.com\/index.php\/produto\/guia-pavio\/#breadcrumb"},"inLanguage":"pt-PT","potentialAction":[{"@type":"ReadAction","target":["https:\/\/divertarte.com\/index.php\/produto\/guia-pavio\/"]}]},{"@type":"ImageObject","inLanguage":"pt-PT","@id":"https:\/\/divertarte.com\/index.php\/produto\/guia-pavio\/#primaryimage","url":"https:\/\/divertarte.com\/wp-content\/uploads\/2018\/06\/suporte-de-pavio-guia-pavio.jpg","contentUrl":"https:\/\/divertarte.com\/wp-content\/uploads\/2018\/06\/suporte-de-pavio-guia-pavio.jpg","width":349,"height":350},{"@type":"BreadcrumbList","@id":"https:\/\/divertarte.com\/index.php\/produto\/guia-pavio\/#breadcrumb","itemListElement":[{"@type":"ListItem","position":1,"name":"In\u00edcio","item":"https:\/\/divertarte.com\/"},{"@type":"ListItem","position":2,"name":"Loja","item":"https:\/\/divertarte.com\/index.php\/divertarte-produtos\/"},{"@type":"ListItem","position":3,"name":"Suporte de Pavio &#8211; Guia pavio"}]},{"@type":"WebSite","@id":"https:\/\/divertarte.com\/#website","url":"https:\/\/divertarte.com\/","name":"Divertarte","description":"","publisher":{"@id":"https:\/\/divertarte.com\/#organization"},"potentialAction":[{"@type":"SearchAction","target":{"@type":"EntryPoint","urlTemplate":"https:\/\/divertarte.com\/?s={search_term_string}"},"query-input":{"@type":"PropertyValueSpecification","valueRequired":true,"valueName":"search_term_string"}}],"inLanguage":"pt-PT"},{"@type":"Organization","@id":"https:\/\/divertarte.com\/#organization","name":"Divertarte","url":"https:\/\/divertarte.com\/","logo":{"@type":"ImageObject","inLanguage":"pt-PT","@id":"https:\/\/divertarte.com\/#\/schema\/logo\/image\/","url":"https:\/\/divertarte.com\/wp-content\/uploads\/2018\/07\/logo-div.jpg","contentUrl":"https:\/\/divertarte.com\/wp-content\/uploads\/2018\/07\/logo-div.jpg","width":295,"height":123,"caption":"Divertarte"},"image":{"@id":"https:\/\/divertarte.com\/#\/schema\/logo\/image\/"}}]}},"_links":{"self":[{"href":"https:\/\/divertarte.com\/index.php\/wp-json\/wp\/v2\/product\/1005","targetHints":{"allow":["GET"]}}],"collection":[{"href":"https:\/\/divertarte.com\/index.php\/wp-json\/wp\/v2\/product"}],"about":[{"href":"https:\/\/divertarte.com\/index.php\/wp-json\/wp\/v2\/types\/product"}],"replies":[{"embeddable":true,"href":"https:\/\/divertarte.com\/index.php\/wp-json\/wp\/v2\/comments?post=1005"}],"wp:featuredmedia":[{"embeddable":true,"href":"https:\/\/divertarte.com\/index.php\/wp-json\/wp\/v2\/media\/20860"}],"wp:attachment":[{"href":"https:\/\/divertarte.com\/index.php\/wp-json\/wp\/v2\/media?parent=1005"}],"wp:term":[{"taxonomy":"product_brand","embeddable":true,"href":"https:\/\/divertarte.com\/index.php\/wp-json\/wp\/v2\/product_brand?post=1005"},{"taxonomy":"product_cat","embeddable":true,"href":"https:\/\/divertarte.com\/index.php\/wp-json\/wp\/v2\/product_cat?post=1005"},{"taxonomy":"product_tag","embeddable":true,"href":"https:\/\/divertarte.com\/index.php\/wp-json\/wp\/v2\/product_tag?post=1005"}],"curies":[{"name":"wp","href":"https:\/\/api.w.org\/{rel}","templated":true}]}}