{"id":8289,"date":"2018-07-01T01:07:53","date_gmt":"2018-07-01T00:07:53","guid":{"rendered":"https:\/\/divertarte.com\/?page_id=8289"},"modified":"2022-09-13T17:30:12","modified_gmt":"2022-09-13T16:30:12","slug":"condicoes-de-utilizacao","status":"publish","type":"page","link":"https:\/\/divertarte.com\/index.php\/condicoes-de-utilizacao\/","title":{"rendered":"Condi\u00e7\u00f5es de Utiliza\u00e7\u00e3o"},"content":{"rendered":"\t\t<div data-elementor-type=\"wp-page\" data-elementor-id=\"8289\" class=\"elementor elementor-8289\">\n\t\t\t\t\t\t<section class=\"elementor-section elementor-top-section elementor-element elementor-element-2b632878 elementor-section-boxed elementor-section-height-default elementor-section-height-default\" data-id=\"2b632878\" data-element_type=\"section\" data-e-type=\"section\">\n\t\t\t\t\t\t<div class=\"elementor-container elementor-column-gap-default\">\n\t\t\t\t\t<div class=\"elementor-column elementor-col-100 elementor-top-column elementor-element elementor-element-40b75620\" data-id=\"40b75620\" data-element_type=\"column\" data-e-type=\"column\">\n\t\t\t<div class=\"elementor-widget-wrap elementor-element-populated\">\n\t\t\t\t\t\t<div class=\"elementor-element elementor-element-7974a78a elementor-widget elementor-widget-text-editor\" data-id=\"7974a78a\" data-element_type=\"widget\" data-e-type=\"widget\" data-widget_type=\"text-editor.default\">\n\t\t\t\t<div class=\"elementor-widget-container\">\n\t\t\t\t\t\t\t\t\t<p>Para finalizar a sua encomenda dever\u00e1 registar-se na nossa loja (Minha Conta)<\/p><p>Ao proceder ao registo, o utilizador fica a dispor de v\u00e1rias vantagens e habilitado a participar nas a\u00e7\u00f5es desenvolvidas pela Divertarte. Assim pode receber periodicamente no seu e-mail informa\u00e7\u00f5es gr\u00e1tis sobre produtos, novidades assim como a nossa tabela de pre\u00e7os.<\/p><p>A Divertarte assume o compromisso de privacidade e seguran\u00e7a dos seus dados pessoais e afirma que estes ser\u00e3o apenas usados no \u00e2mbito do processamento de encomendas, e envio de novidades e divulga\u00e7\u00e3o de produtos, nas suas formas digitais\u00a0<\/p><p>A Divertarte \u00a0usar\u00e1 ocasionalmente o seu e-mail para o notificar de novidades acrescentadas ao site, \u00a0novos servi\u00e7os e ofertas especiais. Poder\u00e1 sempre pedir para n\u00e3o receber estas informa\u00e7\u00f5es.<\/p><p>Todas as compras que efetuar na nossa loja virtual, ser-lhe-\u00e3o entregues por CTT Expresso, ou Transportadora NACEX, segundo a indica\u00e7\u00e3o do cliente e ap\u00f3s confirma\u00e7\u00e3o de pagamento com envio do seu comprovativo e disponibilidade do mesmo.<\/p><p>Todos os produtos na loja virtual t\u00eam IVA inclu\u00eddo \u00e0 taxa legal em vigor.<\/p><p>Quando efetuar uma compra na nossa loja e caso o produto se encontre em stock, ser\u00e1 feito o procedimento de entrega selecionado pelo cliente. Entrega em 24 a 48 horas ap\u00f3s pagamento, salvo ruptura de stock, onde neste caso o cliente ser\u00e1 avisado.<\/p><p>OBS:\u00a0 Nesta \u00e9poca da COVID19, e devido ao grande fluxo de encomendas,\u00a0 o processamento e envio pode ter altera\u00e7\u00f5es. Neste momento s\u00e3o 3 dias \u00fateis ap\u00f3s pagamento.<\/p><p>O pagamento poder\u00e1 ser feito por Multibanco, transfer\u00eancia Banc\u00e1ria, Mb Way ou Paypal.<\/p><p>Se o produto que lhe interessa estiver esgotado mande-nos um email para\u00a0<a href=\"mailto:info@divertarte.com\">info@divertarte.com <\/a>pedindo informa\u00e7\u00e3o da data de chegada<\/p><p>Os pre\u00e7os podem ser alterados sem aviso pr\u00e9vio.<\/p><p><strong>DEVOLU\u00c7\u00d5ES<\/strong><\/p><p>Se por qualquer motivo n\u00e3o ficar satisfeito com o seu pedido, tem um prazo de 14 dias a contar da data da entrega do pedido, para devolv\u00ea-lo.<br \/>Para proceder \u00e0 devolu\u00e7\u00e3o do produto, dever\u00e1 contatar-nos por e-mail relatando o ocorrido, para que assim o possamos informar convenientemente sobre todos procedimentos e passos a seguir.<br \/>NOTA: O produto deve estar em perfeitas condi\u00e7\u00f5es na sua embalagem original.<\/p><p>Se a devolu\u00e7\u00e3o for consequ\u00eancia de um erro ocasionado na prepara\u00e7\u00e3o do pedido, os gastos de reenvio ser\u00e3o suportados pela Divertarte.<br \/>Logo que recebamos a mercadoria e comprovemos que respeita todas as condi\u00e7\u00f5es anteriores, a Divertarte proceder\u00e1 ao reenvio de um novo produto ou, se o defeito for da Divertarte proceder-se-\u00e1 \u00e0 devolu\u00e7\u00e3o integral dos custos.<br \/>Qualquer outra devolu\u00e7\u00e3o gera gastos que dever\u00e3o ser pagos pelo cliente, exceto se se verificarem erros ou produtos que cheguem em mau estado cuja responsabilidade seja imputada \u00e0 Divertarte.<br \/>Para artigos que cheguem ao cliente partidos por via do envio, o mesmo dever\u00e1 fazer prova disso, para podermos fazer acionar o seguro. Para tanto basta enviar-nos por email uma foto do artigo estragado com a sua reclama\u00e7\u00e3o, logo que receba a encomenda. Ap\u00f3s a an\u00e1lise ser\u00e1 decidido.<\/p><p>Obrigada,<\/p><p><span style=\"color: var( --e-global-color-text ); font-family: var( --e-global-typography-text-font-family ), Sans-serif; font-weight: var( --e-global-typography-text-font-weight ); font-size: 1.41575em;\">Divertarte de:<\/span><\/p><p><b>Isabel Portela Guede<\/b><\/p>\t\t\t\t\t\t\t\t<\/div>\n\t\t\t\t<\/div>\n\t\t\t\t\t<\/div>\n\t\t<\/div>\n\t\t\t\t\t<\/div>\n\t\t<\/section>\n\t\t\t\t<\/div>\n\t\t","protected":false},"excerpt":{"rendered":"<p>Para finalizar a sua encomenda dever\u00e1 registar-se na nossa loja (Minha Conta) Ao proceder ao registo, o utilizador fica a dispor de v\u00e1rias vantagens e habilitado a participar nas a\u00e7\u00f5es desenvolvidas pela Divertarte. Assim pode receber periodicamente no seu e-mail informa\u00e7\u00f5es gr\u00e1tis sobre produtos, novidades assim como a nossa tabela de pre\u00e7os. A Divertarte assume [&hellip;]<\/p>\n","protected":false},"author":1,"featured_media":0,"parent":0,"menu_order":0,"comment_status":"closed","ping_status":"closed","template":"","meta":{"_exactmetrics_skip_tracking":false,"_exactmetrics_sitenote_active":false,"_exactmetrics_sitenote_note":"","_exactmetrics_sitenote_category":0,"footnotes":""},"class_list":["post-8289","page","type-page","status-publish","hentry"],"yoast_head":"<!-- This site is optimized with the Yoast SEO plugin v27.4 - https:\/\/yoast.com\/product\/yoast-seo-wordpress\/ -->\n<title>Condi\u00e7\u00f5es de Utiliza\u00e7\u00e3o -<\/title>\n<meta name=\"robots\" content=\"index, follow, max-snippet:-1, max-image-preview:large, max-video-preview:-1\" \/>\n<link rel=\"canonical\" href=\"https:\/\/divertarte.com\/index.php\/condicoes-de-utilizacao\/\" \/>\n<meta property=\"og:locale\" content=\"pt_PT\" \/>\n<meta property=\"og:type\" content=\"article\" \/>\n<meta property=\"og:title\" content=\"Condi\u00e7\u00f5es de Utiliza\u00e7\u00e3o -\" \/>\n<meta property=\"og:description\" content=\"Para finalizar a sua encomenda dever\u00e1 registar-se na nossa loja (Minha Conta) Ao proceder ao registo, o utilizador fica a dispor de v\u00e1rias vantagens e habilitado a participar nas a\u00e7\u00f5es desenvolvidas pela Divertarte. Assim pode receber periodicamente no seu e-mail informa\u00e7\u00f5es gr\u00e1tis sobre produtos, novidades assim como a nossa tabela de pre\u00e7os. A Divertarte assume [&hellip;]\" \/>\n<meta property=\"og:url\" content=\"https:\/\/divertarte.com\/index.php\/condicoes-de-utilizacao\/\" \/>\n<meta property=\"article:modified_time\" content=\"2022-09-13T16:30:12+00:00\" \/>\n<meta name=\"twitter:card\" content=\"summary_large_image\" \/>\n<meta name=\"twitter:label1\" content=\"Tempo estimado de leitura\" \/>\n\t<meta name=\"twitter:data1\" content=\"3 minutos\" \/>\n<script type=\"application\/ld+json\" class=\"yoast-schema-graph\">{\"@context\":\"https:\\\/\\\/schema.org\",\"@graph\":[{\"@type\":\"WebPage\",\"@id\":\"https:\\\/\\\/divertarte.com\\\/index.php\\\/condicoes-de-utilizacao\\\/\",\"url\":\"https:\\\/\\\/divertarte.com\\\/index.php\\\/condicoes-de-utilizacao\\\/\",\"name\":\"Condi\u00e7\u00f5es de Utiliza\u00e7\u00e3o -\",\"isPartOf\":{\"@id\":\"https:\\\/\\\/divertarte.com\\\/#website\"},\"datePublished\":\"2018-07-01T00:07:53+00:00\",\"dateModified\":\"2022-09-13T16:30:12+00:00\",\"breadcrumb\":{\"@id\":\"https:\\\/\\\/divertarte.com\\\/index.php\\\/condicoes-de-utilizacao\\\/#breadcrumb\"},\"inLanguage\":\"pt-PT\",\"potentialAction\":[{\"@type\":\"ReadAction\",\"target\":[\"https:\\\/\\\/divertarte.com\\\/index.php\\\/condicoes-de-utilizacao\\\/\"]}]},{\"@type\":\"BreadcrumbList\",\"@id\":\"https:\\\/\\\/divertarte.com\\\/index.php\\\/condicoes-de-utilizacao\\\/#breadcrumb\",\"itemListElement\":[{\"@type\":\"ListItem\",\"position\":1,\"name\":\"In\u00edcio\",\"item\":\"https:\\\/\\\/divertarte.com\\\/\"},{\"@type\":\"ListItem\",\"position\":2,\"name\":\"Condi\u00e7\u00f5es de Utiliza\u00e7\u00e3o\"}]},{\"@type\":\"WebSite\",\"@id\":\"https:\\\/\\\/divertarte.com\\\/#website\",\"url\":\"https:\\\/\\\/divertarte.com\\\/\",\"name\":\"Divertarte\",\"description\":\"\",\"publisher\":{\"@id\":\"https:\\\/\\\/divertarte.com\\\/#organization\"},\"potentialAction\":[{\"@type\":\"SearchAction\",\"target\":{\"@type\":\"EntryPoint\",\"urlTemplate\":\"https:\\\/\\\/divertarte.com\\\/?s={search_term_string}\"},\"query-input\":{\"@type\":\"PropertyValueSpecification\",\"valueRequired\":true,\"valueName\":\"search_term_string\"}}],\"inLanguage\":\"pt-PT\"},{\"@type\":\"Organization\",\"@id\":\"https:\\\/\\\/divertarte.com\\\/#organization\",\"name\":\"Divertarte\",\"url\":\"https:\\\/\\\/divertarte.com\\\/\",\"logo\":{\"@type\":\"ImageObject\",\"inLanguage\":\"pt-PT\",\"@id\":\"https:\\\/\\\/divertarte.com\\\/#\\\/schema\\\/logo\\\/image\\\/\",\"url\":\"https:\\\/\\\/divertarte.com\\\/wp-content\\\/uploads\\\/2018\\\/07\\\/logo-div.jpg\",\"contentUrl\":\"https:\\\/\\\/divertarte.com\\\/wp-content\\\/uploads\\\/2018\\\/07\\\/logo-div.jpg\",\"width\":295,\"height\":123,\"caption\":\"Divertarte\"},\"image\":{\"@id\":\"https:\\\/\\\/divertarte.com\\\/#\\\/schema\\\/logo\\\/image\\\/\"}}]}<\/script>\n<!-- \/ Yoast SEO plugin. -->","yoast_head_json":{"title":"Condi\u00e7\u00f5es de Utiliza\u00e7\u00e3o -","robots":{"index":"index","follow":"follow","max-snippet":"max-snippet:-1","max-image-preview":"max-image-preview:large","max-video-preview":"max-video-preview:-1"},"canonical":"https:\/\/divertarte.com\/index.php\/condicoes-de-utilizacao\/","og_locale":"pt_PT","og_type":"article","og_title":"Condi\u00e7\u00f5es de Utiliza\u00e7\u00e3o -","og_description":"Para finalizar a sua encomenda dever\u00e1 registar-se na nossa loja (Minha Conta) Ao proceder ao registo, o utilizador fica a dispor de v\u00e1rias vantagens e habilitado a participar nas a\u00e7\u00f5es desenvolvidas pela Divertarte. Assim pode receber periodicamente no seu e-mail informa\u00e7\u00f5es gr\u00e1tis sobre produtos, novidades assim como a nossa tabela de pre\u00e7os. A Divertarte assume [&hellip;]","og_url":"https:\/\/divertarte.com\/index.php\/condicoes-de-utilizacao\/","article_modified_time":"2022-09-13T16:30:12+00:00","twitter_card":"summary_large_image","twitter_misc":{"Tempo estimado de leitura":"3 minutos"},"schema":{"@context":"https:\/\/schema.org","@graph":[{"@type":"WebPage","@id":"https:\/\/divertarte.com\/index.php\/condicoes-de-utilizacao\/","url":"https:\/\/divertarte.com\/index.php\/condicoes-de-utilizacao\/","name":"Condi\u00e7\u00f5es de Utiliza\u00e7\u00e3o -","isPartOf":{"@id":"https:\/\/divertarte.com\/#website"},"datePublished":"2018-07-01T00:07:53+00:00","dateModified":"2022-09-13T16:30:12+00:00","breadcrumb":{"@id":"https:\/\/divertarte.com\/index.php\/condicoes-de-utilizacao\/#breadcrumb"},"inLanguage":"pt-PT","potentialAction":[{"@type":"ReadAction","target":["https:\/\/divertarte.com\/index.php\/condicoes-de-utilizacao\/"]}]},{"@type":"BreadcrumbList","@id":"https:\/\/divertarte.com\/index.php\/condicoes-de-utilizacao\/#breadcrumb","itemListElement":[{"@type":"ListItem","position":1,"name":"In\u00edcio","item":"https:\/\/divertarte.com\/"},{"@type":"ListItem","position":2,"name":"Condi\u00e7\u00f5es de Utiliza\u00e7\u00e3o"}]},{"@type":"WebSite","@id":"https:\/\/divertarte.com\/#website","url":"https:\/\/divertarte.com\/","name":"Divertarte","description":"","publisher":{"@id":"https:\/\/divertarte.com\/#organization"},"potentialAction":[{"@type":"SearchAction","target":{"@type":"EntryPoint","urlTemplate":"https:\/\/divertarte.com\/?s={search_term_string}"},"query-input":{"@type":"PropertyValueSpecification","valueRequired":true,"valueName":"search_term_string"}}],"inLanguage":"pt-PT"},{"@type":"Organization","@id":"https:\/\/divertarte.com\/#organization","name":"Divertarte","url":"https:\/\/divertarte.com\/","logo":{"@type":"ImageObject","inLanguage":"pt-PT","@id":"https:\/\/divertarte.com\/#\/schema\/logo\/image\/","url":"https:\/\/divertarte.com\/wp-content\/uploads\/2018\/07\/logo-div.jpg","contentUrl":"https:\/\/divertarte.com\/wp-content\/uploads\/2018\/07\/logo-div.jpg","width":295,"height":123,"caption":"Divertarte"},"image":{"@id":"https:\/\/divertarte.com\/#\/schema\/logo\/image\/"}}]}},"_links":{"self":[{"href":"https:\/\/divertarte.com\/index.php\/wp-json\/wp\/v2\/pages\/8289","targetHints":{"allow":["GET"]}}],"collection":[{"href":"https:\/\/divertarte.com\/index.php\/wp-json\/wp\/v2\/pages"}],"about":[{"href":"https:\/\/divertarte.com\/index.php\/wp-json\/wp\/v2\/types\/page"}],"author":[{"embeddable":true,"href":"https:\/\/divertarte.com\/index.php\/wp-json\/wp\/v2\/users\/1"}],"replies":[{"embeddable":true,"href":"https:\/\/divertarte.com\/index.php\/wp-json\/wp\/v2\/comments?post=8289"}],"version-history":[{"count":18,"href":"https:\/\/divertarte.com\/index.php\/wp-json\/wp\/v2\/pages\/8289\/revisions"}],"predecessor-version":[{"id":17441,"href":"https:\/\/divertarte.com\/index.php\/wp-json\/wp\/v2\/pages\/8289\/revisions\/17441"}],"wp:attachment":[{"href":"https:\/\/divertarte.com\/index.php\/wp-json\/wp\/v2\/media?parent=8289"}],"curies":[{"name":"wp","href":"https:\/\/api.w.org\/{rel}","templated":true}]}}