{"id":8287,"date":"2018-07-01T01:04:13","date_gmt":"2018-07-01T00:04:13","guid":{"rendered":"https:\/\/divertarte.com\/?page_id=8287"},"modified":"2026-01-09T17:42:59","modified_gmt":"2026-01-09T17:42:59","slug":"quem-somos","status":"publish","type":"page","link":"https:\/\/divertarte.com\/index.php\/quem-somos\/","title":{"rendered":"Quem somos"},"content":{"rendered":"<p>A Divertarte \u00e9 uma <strong>Loja exclusivamente online<\/strong> com todos os materiais para fazer sabonetes artesanais, \u00a0velas decorativas e moldes de silicone para fazer sabonetes, moldes para velas e moldes para gesso perfumado, ess\u00eancias e corantes para velas, \u00a0\u00a0e muitos produtos para fazer brindes e prendinhas para casamentos, comunh\u00e3o e batizado e lembrancinhas de Natal. Artigos para floristas, autocolantes para batizado, autocolantes para comunh\u00e3o, autocolantes para casamentos, autocolantes personalizados e etiquetas para frascos, sabonetes e etiquetas personalizadas. Temos tamb\u00e9m bolas de esferovite, frascos de vidro e frascos e boi\u00f5es PET. Fabricamos moldes de silicone personalizados<\/p>\n<h2>Produtos para fazer sabonetes e sab\u00e3o caseiro<\/h2>\n<p>Temos cursos passo a passo para aprender a fazer sabonetes, que pode ajudar a aumentar o seu rendimento mensal. Aproveite os nossos KITs para come\u00e7ar. Temos todos os materiais, soda caustica, corantes para sab\u00e3o, ess\u00eancias, carimbos e moldes de silicone para sabonetes. Temos tamb\u00e9m Glicerina, base de sab\u00e3o de glicerina branca, Glicerina Cristal e Glicerina Leite de Cabra, extratos glic\u00f3licos. Sab\u00e3o l\u00edquido caseiro, velas de massagem, sabonetes naturais de \u00f3leo.<\/p>\n<h2>Material para fazer velas<\/h2>\n<p>Na nossa loja online Divertarte poder\u00e1s escolher entre diferentes moldes para velas, corantes, ceras, recipientes, adesivos decorativos, ess\u00eancias arom\u00e1ticas, parafinas para velas, Temos Curso em CD e download de oferta onde te ensinamos como fazer velas artesanais e uma grande variedade de receitas passo a passo para poderes fazer bonitas velas mesmo em casa e tirar da\u00ed uma renda mensal apreci\u00e1vel.<\/p>\n<p>A Divertarte est\u00e1 ao teu dispor para esclarecer duvidas e dar dicas na execu\u00e7\u00e3o de sabonetes e sab\u00e3o liquido, Velas em Gel e Velas em Parafina, Velas de massagem, prendinhas, acess\u00f3rios para pendas de batizado, comunh\u00e3o, casamento, Natal, Aromatizadores de gesso.<\/p>\n","protected":false},"excerpt":{"rendered":"<p>A Divertarte \u00e9 uma Loja exclusivamente online com todos os materiais para fazer sabonetes artesanais, \u00a0velas decorativas e moldes de silicone para fazer sabonetes, moldes para velas e moldes para gesso perfumado, ess\u00eancias e corantes para velas, \u00a0\u00a0e muitos produtos para fazer brindes e prendinhas para casamentos, comunh\u00e3o e batizado e lembrancinhas de Natal. Artigos [&hellip;]<\/p>\n","protected":false},"author":1,"featured_media":0,"parent":0,"menu_order":0,"comment_status":"closed","ping_status":"closed","template":"","meta":{"_exactmetrics_skip_tracking":false,"_exactmetrics_sitenote_active":false,"_exactmetrics_sitenote_note":"","_exactmetrics_sitenote_category":0,"footnotes":""},"class_list":["post-8287","page","type-page","status-publish","hentry"],"yoast_head":"<!-- This site is optimized with the Yoast SEO plugin v27.4 - https:\/\/yoast.com\/product\/yoast-seo-wordpress\/ -->\n<title>Quem somos -<\/title>\n<meta name=\"description\" content=\"A Divertarte \u00e9 uma Loja exclusivamente online com todos os materiais para fazer sabonetes artesanais, velas decorativas, moldes, prendinhas\" \/>\n<meta name=\"robots\" content=\"index, follow, max-snippet:-1, max-image-preview:large, max-video-preview:-1\" \/>\n<link rel=\"canonical\" href=\"https:\/\/divertarte.com\/index.php\/quem-somos\/\" \/>\n<meta property=\"og:locale\" content=\"pt_PT\" \/>\n<meta property=\"og:type\" content=\"article\" \/>\n<meta property=\"og:title\" content=\"Quem somos -\" \/>\n<meta property=\"og:description\" content=\"A Divertarte \u00e9 uma Loja exclusivamente online com todos os materiais para fazer sabonetes artesanais, velas decorativas, moldes, prendinhas\" \/>\n<meta property=\"og:url\" content=\"https:\/\/divertarte.com\/index.php\/quem-somos\/\" \/>\n<meta property=\"article:modified_time\" content=\"2026-01-09T17:42:59+00:00\" \/>\n<meta name=\"twitter:card\" content=\"summary_large_image\" \/>\n<meta name=\"twitter:label1\" content=\"Tempo estimado de leitura\" \/>\n\t<meta name=\"twitter:data1\" content=\"1 minuto\" \/>\n<script type=\"application\/ld+json\" class=\"yoast-schema-graph\">{\"@context\":\"https:\\\/\\\/schema.org\",\"@graph\":[{\"@type\":\"WebPage\",\"@id\":\"https:\\\/\\\/divertarte.com\\\/index.php\\\/quem-somos\\\/\",\"url\":\"https:\\\/\\\/divertarte.com\\\/index.php\\\/quem-somos\\\/\",\"name\":\"Quem somos -\",\"isPartOf\":{\"@id\":\"https:\\\/\\\/divertarte.com\\\/#website\"},\"datePublished\":\"2018-07-01T00:04:13+00:00\",\"dateModified\":\"2026-01-09T17:42:59+00:00\",\"description\":\"A Divertarte \u00e9 uma Loja exclusivamente online com todos os materiais para fazer sabonetes artesanais, velas decorativas, moldes, prendinhas\",\"breadcrumb\":{\"@id\":\"https:\\\/\\\/divertarte.com\\\/index.php\\\/quem-somos\\\/#breadcrumb\"},\"inLanguage\":\"pt-PT\",\"potentialAction\":[{\"@type\":\"ReadAction\",\"target\":[\"https:\\\/\\\/divertarte.com\\\/index.php\\\/quem-somos\\\/\"]}]},{\"@type\":\"BreadcrumbList\",\"@id\":\"https:\\\/\\\/divertarte.com\\\/index.php\\\/quem-somos\\\/#breadcrumb\",\"itemListElement\":[{\"@type\":\"ListItem\",\"position\":1,\"name\":\"In\u00edcio\",\"item\":\"https:\\\/\\\/divertarte.com\\\/\"},{\"@type\":\"ListItem\",\"position\":2,\"name\":\"Quem somos\"}]},{\"@type\":\"WebSite\",\"@id\":\"https:\\\/\\\/divertarte.com\\\/#website\",\"url\":\"https:\\\/\\\/divertarte.com\\\/\",\"name\":\"Divertarte\",\"description\":\"\",\"publisher\":{\"@id\":\"https:\\\/\\\/divertarte.com\\\/#organization\"},\"potentialAction\":[{\"@type\":\"SearchAction\",\"target\":{\"@type\":\"EntryPoint\",\"urlTemplate\":\"https:\\\/\\\/divertarte.com\\\/?s={search_term_string}\"},\"query-input\":{\"@type\":\"PropertyValueSpecification\",\"valueRequired\":true,\"valueName\":\"search_term_string\"}}],\"inLanguage\":\"pt-PT\"},{\"@type\":\"Organization\",\"@id\":\"https:\\\/\\\/divertarte.com\\\/#organization\",\"name\":\"Divertarte\",\"url\":\"https:\\\/\\\/divertarte.com\\\/\",\"logo\":{\"@type\":\"ImageObject\",\"inLanguage\":\"pt-PT\",\"@id\":\"https:\\\/\\\/divertarte.com\\\/#\\\/schema\\\/logo\\\/image\\\/\",\"url\":\"https:\\\/\\\/divertarte.com\\\/wp-content\\\/uploads\\\/2018\\\/07\\\/logo-div.jpg\",\"contentUrl\":\"https:\\\/\\\/divertarte.com\\\/wp-content\\\/uploads\\\/2018\\\/07\\\/logo-div.jpg\",\"width\":295,\"height\":123,\"caption\":\"Divertarte\"},\"image\":{\"@id\":\"https:\\\/\\\/divertarte.com\\\/#\\\/schema\\\/logo\\\/image\\\/\"}}]}<\/script>\n<!-- \/ Yoast SEO plugin. -->","yoast_head_json":{"title":"Quem somos -","description":"A Divertarte \u00e9 uma Loja exclusivamente online com todos os materiais para fazer sabonetes artesanais, velas decorativas, moldes, prendinhas","robots":{"index":"index","follow":"follow","max-snippet":"max-snippet:-1","max-image-preview":"max-image-preview:large","max-video-preview":"max-video-preview:-1"},"canonical":"https:\/\/divertarte.com\/index.php\/quem-somos\/","og_locale":"pt_PT","og_type":"article","og_title":"Quem somos -","og_description":"A Divertarte \u00e9 uma Loja exclusivamente online com todos os materiais para fazer sabonetes artesanais, velas decorativas, moldes, prendinhas","og_url":"https:\/\/divertarte.com\/index.php\/quem-somos\/","article_modified_time":"2026-01-09T17:42:59+00:00","twitter_card":"summary_large_image","twitter_misc":{"Tempo estimado de leitura":"1 minuto"},"schema":{"@context":"https:\/\/schema.org","@graph":[{"@type":"WebPage","@id":"https:\/\/divertarte.com\/index.php\/quem-somos\/","url":"https:\/\/divertarte.com\/index.php\/quem-somos\/","name":"Quem somos -","isPartOf":{"@id":"https:\/\/divertarte.com\/#website"},"datePublished":"2018-07-01T00:04:13+00:00","dateModified":"2026-01-09T17:42:59+00:00","description":"A Divertarte \u00e9 uma Loja exclusivamente online com todos os materiais para fazer sabonetes artesanais, velas decorativas, moldes, prendinhas","breadcrumb":{"@id":"https:\/\/divertarte.com\/index.php\/quem-somos\/#breadcrumb"},"inLanguage":"pt-PT","potentialAction":[{"@type":"ReadAction","target":["https:\/\/divertarte.com\/index.php\/quem-somos\/"]}]},{"@type":"BreadcrumbList","@id":"https:\/\/divertarte.com\/index.php\/quem-somos\/#breadcrumb","itemListElement":[{"@type":"ListItem","position":1,"name":"In\u00edcio","item":"https:\/\/divertarte.com\/"},{"@type":"ListItem","position":2,"name":"Quem somos"}]},{"@type":"WebSite","@id":"https:\/\/divertarte.com\/#website","url":"https:\/\/divertarte.com\/","name":"Divertarte","description":"","publisher":{"@id":"https:\/\/divertarte.com\/#organization"},"potentialAction":[{"@type":"SearchAction","target":{"@type":"EntryPoint","urlTemplate":"https:\/\/divertarte.com\/?s={search_term_string}"},"query-input":{"@type":"PropertyValueSpecification","valueRequired":true,"valueName":"search_term_string"}}],"inLanguage":"pt-PT"},{"@type":"Organization","@id":"https:\/\/divertarte.com\/#organization","name":"Divertarte","url":"https:\/\/divertarte.com\/","logo":{"@type":"ImageObject","inLanguage":"pt-PT","@id":"https:\/\/divertarte.com\/#\/schema\/logo\/image\/","url":"https:\/\/divertarte.com\/wp-content\/uploads\/2018\/07\/logo-div.jpg","contentUrl":"https:\/\/divertarte.com\/wp-content\/uploads\/2018\/07\/logo-div.jpg","width":295,"height":123,"caption":"Divertarte"},"image":{"@id":"https:\/\/divertarte.com\/#\/schema\/logo\/image\/"}}]}},"_links":{"self":[{"href":"https:\/\/divertarte.com\/index.php\/wp-json\/wp\/v2\/pages\/8287","targetHints":{"allow":["GET"]}}],"collection":[{"href":"https:\/\/divertarte.com\/index.php\/wp-json\/wp\/v2\/pages"}],"about":[{"href":"https:\/\/divertarte.com\/index.php\/wp-json\/wp\/v2\/types\/page"}],"author":[{"embeddable":true,"href":"https:\/\/divertarte.com\/index.php\/wp-json\/wp\/v2\/users\/1"}],"replies":[{"embeddable":true,"href":"https:\/\/divertarte.com\/index.php\/wp-json\/wp\/v2\/comments?post=8287"}],"version-history":[{"count":7,"href":"https:\/\/divertarte.com\/index.php\/wp-json\/wp\/v2\/pages\/8287\/revisions"}],"predecessor-version":[{"id":22244,"href":"https:\/\/divertarte.com\/index.php\/wp-json\/wp\/v2\/pages\/8287\/revisions\/22244"}],"wp:attachment":[{"href":"https:\/\/divertarte.com\/index.php\/wp-json\/wp\/v2\/media?parent=8287"}],"curies":[{"name":"wp","href":"https:\/\/api.w.org\/{rel}","templated":true}]}}